{"id":195,"date":"2024-02-08T18:15:26","date_gmt":"2024-02-08T17:15:26","guid":{"rendered":"https:\/\/www.uve2003.com\/aviso-legal\/"},"modified":"2024-02-18T09:52:46","modified_gmt":"2024-02-18T08:52:46","slug":"avis-legal","status":"publish","type":"page","link":"https:\/\/uve2003.com\/ca\/avis-legal\/","title":{"rendered":"Av\u00eds Legal"},"content":{"rendered":"[vc_row type=&#8221;in_container&#8221; full_screen_row_position=&#8221;middle&#8221; column_margin=&#8221;default&#8221; column_direction=&#8221;default&#8221; column_direction_tablet=&#8221;default&#8221; column_direction_phone=&#8221;default&#8221; scene_position=&#8221;center&#8221; top_padding=&#8221;100&#8243; constrain_group_1=&#8221;yes&#8221; bottom_padding=&#8221;100&#8243; text_color=&#8221;dark&#8221; text_align=&#8221;left&#8221; row_border_radius=&#8221;none&#8221; row_border_radius_applies=&#8221;bg&#8221; overflow=&#8221;visible&#8221; overlay_strength=&#8221;0.3&#8243; gradient_direction=&#8221;left_to_right&#8221; shape_divider_position=&#8221;bottom&#8221; bg_image_animation=&#8221;none&#8221; gradient_type=&#8221;default&#8221; shape_type=&#8221;&#8221;][vc_column column_padding=&#8221;no-extra-padding&#8221; column_padding_tablet=&#8221;inherit&#8221; column_padding_phone=&#8221;inherit&#8221; column_padding_position=&#8221;all&#8221; column_element_direction_desktop=&#8221;default&#8221; column_element_spacing=&#8221;default&#8221; desktop_text_alignment=&#8221;default&#8221; tablet_text_alignment=&#8221;default&#8221; phone_text_alignment=&#8221;default&#8221; background_color_opacity=&#8221;1&#8243; background_hover_color_opacity=&#8221;1&#8243; column_backdrop_filter=&#8221;none&#8221; column_shadow=&#8221;none&#8221; column_border_radius=&#8221;none&#8221; column_link_target=&#8221;_self&#8221; column_position=&#8221;default&#8221; gradient_direction=&#8221;left_to_right&#8221; overlay_strength=&#8221;0.3&#8243; width=&#8221;1\/1&#8243; tablet_width_inherit=&#8221;default&#8221; animation_type=&#8221;default&#8221; bg_image_animation=&#8221;none&#8221; border_type=&#8221;simple&#8221; column_border_width=&#8221;none&#8221; column_border_style=&#8221;solid&#8221;][vc_column_text text_direction=&#8221;default&#8221;]\n<h1>AV\u00cdS LEGAL<\/h1>\n<ol>\n<li>OBJECTE<\/li>\n<\/ol>\n<p><span style=\"font-weight: 400;\">El present av\u00eds legal regula l&#8217;\u00fas i utilitzaci\u00f3 del lloc web <\/span><a href=\"https:\/\/uve2003.com\"><span style=\"font-weight: 400;\">www.uve2003.com<\/span><\/a><span style=\"font-weight: 400;\">, del qual \u00e9s titular UVE 2003, S.L. y UVE 2003 TRADING, S.L. (en endavant, EL PROPIETARI DE LA WEB).<\/span><\/p>\n<p><span style=\"font-weight: 400;\">La navegaci\u00f3 pel lloc web del PROPIETARI DE LA WEB li atribueix la condici\u00f3 d&#8217; USUARI del mateix i comporta la seva acceptaci\u00f3 plena i sense reserves de totes i cadascuna de les condicions publicades en aquest av\u00eds legal, advertint que aquestes condicions poden ser modificades sense notificaci\u00f3 pr\u00e8via per part del PROPIETARI DE LA WEB, en tal cas es procedir\u00e0 a la seva publicaci\u00f3 i av\u00eds amb la m\u00e0xima antelaci\u00f3 possible.<\/span><\/p>\n<p><span style=\"font-weight: 400;\">Per aix\u00f2 \u00e9s recomanable llegir amb atenci\u00f3 el contingut en cas de desitjar accedir i fer \u00fas de la informaci\u00f3 i dels serveis oferts des d&#8217;aquest lloc web.<\/span><\/p>\n<p><span style=\"font-weight: 400;\">L&#8217;usuari a m\u00e9s, s&#8217;obliga a fer un \u00fas correcte del lloc web de conformitat amb les lleis, la bona fe, l&#8217;ordre p\u00fablic, els usos del tr\u00e0fic i el present Av\u00eds Legal, i respondr\u00e0 davant EL PROPIETARI DE LA WEB o davant de tercers, de qualsevol danys i perjudicis que poguessin causar com a conseq\u00fc\u00e8ncia de l&#8217;incompliment d&#8217;aquesta obligaci\u00f3.<\/span><\/p>\n<p><span style=\"font-weight: 400;\">Qualsevol utilitzaci\u00f3 diferent de l&#8217;autoritzada est\u00e0 expressament prohibida, i EL PROPIETARI DE LA WEB podr\u00e0 denegar o retirar l&#8217;acc\u00e9s i el seu \u00fas en qualsevol moment.<\/span><\/p>\n<ol start=\"2\">\n<li>IDENTIFICACI\u00d3<\/li>\n<\/ol>\n<p><span style=\"font-weight: 400;\">EL PROPIETARI DE LA WEB, en compliment de la Llei 34\/2002, de 11 de juliol, de Serveis de la Societat de la Informaci\u00f3 i de Comer\u00e7 Electr\u00f2nic, informa de que:<\/span><\/p>\n<ul>\n<li style=\"font-weight: 400;\" aria-level=\"1\"><span style=\"font-weight: 400;\">La seva denominaci\u00f3 social \u00e9s: UVE 2003, S.L.\/UVE 2003 TRADING, S.L.<\/span><\/li>\n<li style=\"font-weight: 400;\" aria-level=\"1\"><span style=\"font-weight: 400;\">El seu CIF \u00e9s: B62250808 \/ B64720576<\/span><\/li>\n<li style=\"font-weight: 400;\" aria-level=\"1\"><span style=\"font-weight: 400;\">El seu domicili social \u00e9s a: C\/ MESTRAL, 3 P.I. CAN VOLART &#8211; 08150 &#8211; PARETS DEL VALLES \u2013 BARCELONA \/ CARRETERA DE ANDALUC\u00cdA, km. 13,500, POLG. IND. LOS \u00c1NGELES &#8211; 28901 \u2013 GETAFE \u2013 MADRID.<\/span><\/li>\n<li style=\"font-weight: 400;\" aria-level=\"1\"><span style=\"font-weight: 400;\">Inscrites al Registro Mercantil de Barcelona. Tom 32585, Full 21, Secci\u00f3 8, Fulla 216281, Inscripci\u00f3 16 \/ Tom 40120, Full 200, Secci\u00f3 8, Fulla 361017, Inscripci\u00f3 7.<\/span><\/li>\n<\/ul>\n<h1><\/h1>\n<ol start=\"3\">\n<li>COMUNICACIONS<\/li>\n<\/ol>\n<p><span style=\"font-weight: 400;\">Per comunicar-se amb nosaltres, posem a la seva disposici\u00f3 diferents mitjans de contacte que detallem a continuaci\u00f3:<\/span><\/p>\n<ul>\n<li style=\"font-weight: 400;\" aria-level=\"1\"><span style=\"font-weight: 400;\">Tel: 938 63 41 88 \/ 916 95 36 25<\/span><\/li>\n<li style=\"font-weight: 400;\" aria-level=\"1\"><span style=\"font-weight: 400;\">Correu electr\u00f2nic: <\/span><a href=\"mailto:rrhh@uve2003.com\"><span style=\"font-weight: 400;\">rrhh@uve2003.com<\/span><\/a><span style=\"font-weight: 400;\">\u00a0\u00a0\u00a0<\/span><\/li>\n<\/ul>\n<p><span style=\"font-weight: 400;\">Totes les notificacions i comunicacions entre els usuaris i el PROPIETARI DE LA WEB es consideraran efica\u00e7os, a tots els efectes, quan es realitzin a trav\u00e9s de qualsevol mitj\u00e0 dels detallats anteriorment.<\/span><\/p>\n<ol start=\"4\">\n<li>CONDICIONS D&#8217;ACC\u00c9S I UTILITZACI\u00d3<\/li>\n<\/ol>\n<p><span style=\"font-weight: 400;\">El lloc web i els seus serveis s\u00f3n d&#8217;acc\u00e9s lliure i gratu\u00eft. No obstant, el PROPIETARI DE LA WEB pot condicionar la utilitzaci\u00f3 d&#8217;alguns dels serveis oferts a la seva web al previ ompliment del corresponent formulari.<\/span><\/p>\n<p><span style=\"font-weight: 400;\">L&#8217;usuari garanteix l&#8217;autenticitat i actualitat de totes aquelles dades que comuniqui al PROPIETARI DE LA WEB i ser\u00e0 l&#8217;\u00fanic responsable de les manifestacions falses o inexactes que realitzi.<\/span><\/p>\n<p><span style=\"font-weight: 400;\">L&#8217;usuari es compromet expressament a fer un \u00fas adequat dels continguts i serveis de PROPIETARI DE LA WEB i a no emprar-los per, entre d&#8217;altres:<\/span><\/p>\n<p>&nbsp;<\/p>\n<p><span style=\"font-weight: 400;\">a<\/span>) Difondre continguts delictius, violents, pornogr\u00e0fics, racistes, xen\u00f2fobs, ofensius, d&#8217;apologia del terrorisme o, en general, contraris a la llei o a l&#8217;ordre p\u00fablic.<\/p>\n<p><span style=\"font-weight: 400;\">b) Introduir a la xarxa virus inform\u00e0tics o realitzar actuacions susceptibles d&#8217;alterar, espatllar, interrompre o generar errors o danys en els documents electr\u00f2nics, dades o sistemes f\u00edsics i l\u00f2gics de PROPIETARI DE LA WEB o de terceres persones; aix\u00ed com obstaculitzar l&#8217;acc\u00e9s d&#8217;altres usuaris al lloc web i als seus serveis mitjan\u00e7ant el consum massiu dels recursos inform\u00e0tics a trav\u00e9s dels quals PROPIETARI DE LA WEB presta els seus serveis.<\/span><\/p>\n<p><span style=\"font-weight: 400;\">c) Intentar accedir als comptes de correu electr\u00f2nic d&#8217;altres usuaris o a \u00e0rees restringides dels sistemes inform\u00e0tics de PROPIETARI DE LA WEB o de tercers i, si s&#8217;escau, extreure informaci\u00f3.<\/span><\/p>\n<p><span style=\"font-weight: 400;\">d) Vulnerar els drets de propietat intel\u00b7lectual o industrial, aix\u00ed com violar la confidencialitat de la informaci\u00f3 de PROPIETARI DE LA WEB o de tercers.<\/span><\/p>\n<p><span style=\"font-weight: 400;\">e) Suplantar la identitat de qualsevol altre usuari.<\/span><\/p>\n<p><span style=\"font-weight: 400;\">f) Reproduir, copiar, distribuir, posar a disposici\u00f3 de, o qualsevol altra forma de comunicaci\u00f3 p\u00fablica, transformar o modificar els continguts, llevat que es compti amb l&#8217;autoritzaci\u00f3 del titular dels corresponents drets o aix\u00f2 resulti legalment perm\u00e8s.<\/span><\/p>\n<p><span style=\"font-weight: 400;\">g) Demanar dades amb finalitat publicit\u00e0ria i de remetre publicitat de qualsevol classe i comunicacions amb fins de venda o altres de naturalesa comercial sense que n&#8217;hi hagi la pr\u00e8via sol\u00b7licitud o consentiment.<\/span><\/p>\n<h1><\/h1>\n<p><span style=\"font-weight: 400;\">Tots els continguts del lloc web, com ara textos, fotografies, gr\u00e0fics, imatges, icones, tecnologia, programari, aix\u00ed com el seu disseny gr\u00e0fic i codis font, constitueixen una obra la propietat de la qual pertany a PROPIETARI DE LA WEB, sense que es puguin entendre cedits a l&#8217;usuari cap dels drets d&#8217;explotaci\u00f3 sobre els mateixos m\u00e9s enll\u00e0 d\u2019all\u00f2 estrictament necessari per al correcte \u00fas del web.<\/span><\/p>\n<p><span style=\"font-weight: 400;\">En definitiva, els usuaris que accedeixin a aquest lloc web poden visualitzar els continguts i efectuar, si escau, c\u00f2pies privades autoritzades sempre que els elements reprodu\u00efts no siguin cedits posteriorment a tercers, ni s&#8217;instal\u00b7lin a servidors connectats a xarxes, ni siguin objecte de cap tipus d&#8217;explotaci\u00f3.<\/span><\/p>\n<p><span style=\"font-weight: 400;\">Aix\u00ed mateix, totes les marques, noms comercials o signes distintius de qualsevol classe que apareixen al lloc web s\u00f3n propietat de PROPIETARI DE LA WEB, sense que es pugui entendre que l&#8217;\u00fas o acc\u00e9s al mateix atribueixi a l&#8217;usuari cap dret sobre els mateixos.<\/span><\/p>\n<p><span style=\"font-weight: 400;\">La distribuci\u00f3, modificaci\u00f3, cessi\u00f3 o comunicaci\u00f3 p\u00fablica dels continguts i qualsevol altre acte que no hagi estat expressament autoritzat pel titular dels drets d&#8217;explotaci\u00f3 queden prohibits.<\/span><\/p>\n<p><span style=\"font-weight: 400;\">L&#8217;establiment d&#8217;un hiperenlla\u00e7 no implica en cap cas l&#8217;exist\u00e8ncia de relacions entre PROPIETARI DE LA WEB i el propietari del lloc web en la qual s&#8217;estableixi, ni l&#8217;acceptaci\u00f3 i aprovaci\u00f3 per part de PROPIETARI DE LA WEB dels seus continguts o serveis.<\/span><\/p>\n<p><span style=\"font-weight: 400;\">PROPIETARI DE LA WEB no es responsabilitza de l&#8217;\u00fas que cada usuari li doni als materials posats a disposici\u00f3 en aquest lloc web ni de les actuacions que realitzi en base als mateixos.<\/span><\/p>\n<p><i>4.1. EXCLUSI\u00d3 DE GARANTIES I DE RESPONSABILITAT EN L&#8217;ACC\u00c9S I LA UTILITZACI\u00d3<\/i><\/p>\n<p><span style=\"font-weight: 400;\">El contingut del present lloc web \u00e9s de car\u00e0cter general i t\u00e9 una finalitat merament informativa, sense que es garanteixi plenament l&#8217;acc\u00e9s a tots els continguts, ni la seva exhaustivitat, correcci\u00f3, vig\u00e8ncia o actualitat, ni la seva idone\u00eftat o utilitat per a un objectiu espec\u00edfic.<\/span><\/p>\n<p><span style=\"font-weight: 400;\">PROPIETARI DE LA WEB exclou, fins on permet l&#8217;ordenament jur\u00eddic, qualsevol responsabilitat pels danys i perjudicis de tota naturalesa derivats de:<\/span><\/p>\n<p><span style=\"font-weight: 400;\">a) La impossibilitat d&#8217;acc\u00e9s al lloc web o la falta de veracitat, exactitud, exhaustivitat i\/o actualitat dels continguts, aix\u00ed com l&#8217;exist\u00e8ncia de vicis i defectes de tota classe dels continguts transmesos, difosos, emmagatzemats o posats a disposici\u00f3, als quals s&#8217;hagi accedit a trav\u00e9s del lloc web o dels serveis que s&#8217;ofereixen.<\/span><\/p>\n<p><span style=\"font-weight: 400;\">b) La pres\u00e8ncia de virus o d&#8217;altres elements en els continguts que puguin produir alteracions en els sistemes inform\u00e0tics, documents electr\u00f2nics o dades dels usuaris.<\/span><\/p>\n<p><span style=\"font-weight: 400;\">c) L&#8217;incompliment de les lleis, la bona fe, l&#8217;ordre p\u00fablic, els usos del tr\u00e0fic i el present av\u00eds legal com a conseq\u00fc\u00e8ncia de l&#8217;\u00fas incorrecte del lloc web. En particular, i a manera d&#8217;exemple, PROPIETARI DE LA WEB no es fa responsable de les actuacions de tercers que vulnerin drets de propietat intel\u00b7lectual i industrial, secrets empresarials, drets a l&#8217;honor, a la intimitat personal i familiar i a la pr\u00f2pia imatge, aix\u00ed com la normativa en mat\u00e8ria de compet\u00e8ncia deslleial i publicitat il\u00b7l\u00edcita.<\/span><\/p>\n<p><span style=\"font-weight: 400;\">Aix\u00ed mateix, PROPIETARI DE LA WEB declina qualsevol responsabilitat respecte a la informaci\u00f3 que es trobi fora d&#8217;aquesta web i no sigui gestionada directament pel nostre webmaster. La funci\u00f3 dels links que apareixen en aquesta web \u00e9s exclusivament la d&#8217;informar a l&#8217;usuari sobre l&#8217;exist\u00e8ncia d&#8217;altres fonts susceptibles d&#8217;ampliar els continguts que ofereix aquest lloc web. PROPIETARI DE LA WEB no garanteix ni es responsabilitza del funcionament o accessibilitat dels llocs enlla\u00e7ats; ni suggereix, convida o recomana la visita als mateixos, de manera que tampoc ser\u00e0 responsable del resultat obtingut. PROPIETARI DE LA WEB no es responsabilitza de l&#8217;establiment d&#8217;hipervincles per part de tercers.<\/span><\/p>\n<h1><\/h1>\n<p><i>4.2. PROCEDIMENT EN CAS DE REALITZACI\u00d3 D&#8217;ACTIVITATS DE CAR\u00c0CTER IL\u00b7L\u00cdCIT<\/i><\/p>\n<p><span style=\"font-weight: 400;\">En el cas que qualsevol usuari o un tercer consideri que existeixen fets o circumst\u00e0ncies que revelin el car\u00e0cter il\u00b7l\u00edcit de la utilitzaci\u00f3 de qualsevol contingut i\/o de la realitzaci\u00f3 de qualsevol activitat en les p\u00e0gines web incloses o accessibles a trav\u00e9s del lloc web, haur\u00e0 enviar una notificaci\u00f3 a PROPIETARI DE LA WEB identificant-se degudament i especificant les suposades infraccions.<\/span><\/p>\n<h1><\/h1>\n<p><i>4.3. PUBLICACIONS<\/i><\/p>\n<p><span style=\"font-weight: 400;\">La informaci\u00f3 administrativa facilitada a trav\u00e9s del lloc web no substitueix la publicitat legal de les lleis, normatives, plans, disposicions generals i actes que hagin de ser publicats formalment als diaris oficials de les administracions p\u00fabliques, que constitueixen l&#8217;\u00fanic instrument que d\u00f3na fe de la seva autenticitat i contingut. La informaci\u00f3 disponible en aquest lloc web s&#8217;ha d&#8217;entendre com una guia sense prop\u00f2sit de validesa legal.<\/span><\/p>\n<h1><\/h1>\n<ol start=\"5\">\n<li>LEGISLACI\u00d3 APLICABLE<\/li>\n<\/ol>\n<p><span style=\"font-weight: 400;\">Les condicions presents es regiran per la legislaci\u00f3 espanyola vigent.<\/span><\/p>\n<p><span style=\"font-weight: 400;\">La llengua utilitzada ser\u00e0 el Castell\u00e0.\u00a0<\/span>[\/vc_column_text][\/vc_column][\/vc_row]\n","protected":false},"excerpt":{"rendered":"<p>[vc_row type=&#8221;in_container&#8221; full_screen_row_position=&#8221;middle&#8221; column_margin=&#8221;default&#8221; column_direction=&#8221;default&#8221; column_direction_tablet=&#8221;default&#8221; column_direction_phone=&#8221;default&#8221; scene_position=&#8221;center&#8221; top_padding=&#8221;100&#8243; constrain_group_1=&#8221;yes&#8221; bottom_padding=&#8221;100&#8243; text_color=&#8221;dark&#8221; text_align=&#8221;left&#8221; row_border_radius=&#8221;none&#8221; row_border_radius_applies=&#8221;bg&#8221; overflow=&#8221;visible&#8221; overlay_strength=&#8221;0.3&#8243; gradient_direction=&#8221;left_to_right&#8221; shape_divider_position=&#8221;bottom&#8221; bg_image_animation=&#8221;none&#8221; gradient_type=&#8221;default&#8221; shape_type=&#8221;&#8221;][vc_column column_padding=&#8221;no-extra-padding&#8221; column_padding_tablet=&#8221;inherit&#8221; column_padding_phone=&#8221;inherit&#8221; column_padding_position=&#8221;all&#8221; column_element_direction_desktop=&#8221;default&#8221; column_element_spacing=&#8221;default&#8221; desktop_text_alignment=&#8221;default&#8221; tablet_text_alignment=&#8221;default&#8221;&#8230;<\/p>\n","protected":false},"author":2,"featured_media":0,"parent":0,"menu_order":0,"comment_status":"closed","ping_status":"closed","template":"","meta":{"footnotes":""},"class_list":["post-195","page","type-page","status-publish"],"_links":{"self":[{"href":"https:\/\/uve2003.com\/ca\/wp-json\/wp\/v2\/pages\/195"}],"collection":[{"href":"https:\/\/uve2003.com\/ca\/wp-json\/wp\/v2\/pages"}],"about":[{"href":"https:\/\/uve2003.com\/ca\/wp-json\/wp\/v2\/types\/page"}],"author":[{"embeddable":true,"href":"https:\/\/uve2003.com\/ca\/wp-json\/wp\/v2\/users\/2"}],"replies":[{"embeddable":true,"href":"https:\/\/uve2003.com\/ca\/wp-json\/wp\/v2\/comments?post=195"}],"version-history":[{"count":3,"href":"https:\/\/uve2003.com\/ca\/wp-json\/wp\/v2\/pages\/195\/revisions"}],"predecessor-version":[{"id":198,"href":"https:\/\/uve2003.com\/ca\/wp-json\/wp\/v2\/pages\/195\/revisions\/198"}],"wp:attachment":[{"href":"https:\/\/uve2003.com\/ca\/wp-json\/wp\/v2\/media?parent=195"}],"curies":[{"name":"wp","href":"https:\/\/api.w.org\/{rel}","templated":true}]}}