{"id":199,"date":"2024-02-08T18:24:45","date_gmt":"2024-02-08T17:24:45","guid":{"rendered":"https:\/\/www.uve2003.com\/politica-de-cookies\/"},"modified":"2024-02-18T11:10:43","modified_gmt":"2024-02-18T10:10:43","slug":"politica-de-cookies","status":"publish","type":"page","link":"https:\/\/uve2003.com\/ca\/politica-de-cookies\/","title":{"rendered":"Pol\u00edtica de cookies"},"content":{"rendered":"[vc_row type=&#8221;in_container&#8221; full_screen_row_position=&#8221;middle&#8221; column_margin=&#8221;default&#8221; column_direction=&#8221;default&#8221; column_direction_tablet=&#8221;default&#8221; column_direction_phone=&#8221;default&#8221; scene_position=&#8221;center&#8221; top_padding=&#8221;100&#8243; bottom_padding=&#8221;100&#8243; text_color=&#8221;dark&#8221; text_align=&#8221;left&#8221; row_border_radius=&#8221;none&#8221; row_border_radius_applies=&#8221;bg&#8221; overflow=&#8221;visible&#8221; overlay_strength=&#8221;0.3&#8243; gradient_direction=&#8221;left_to_right&#8221; shape_divider_position=&#8221;bottom&#8221; bg_image_animation=&#8221;none&#8221; gradient_type=&#8221;default&#8221; shape_type=&#8221;&#8221;][vc_column column_padding=&#8221;no-extra-padding&#8221; column_padding_tablet=&#8221;inherit&#8221; column_padding_phone=&#8221;inherit&#8221; column_padding_position=&#8221;all&#8221; column_element_direction_desktop=&#8221;default&#8221; column_element_spacing=&#8221;default&#8221; desktop_text_alignment=&#8221;default&#8221; tablet_text_alignment=&#8221;default&#8221; phone_text_alignment=&#8221;default&#8221; background_color_opacity=&#8221;1&#8243; background_hover_color_opacity=&#8221;1&#8243; column_backdrop_filter=&#8221;none&#8221; column_shadow=&#8221;none&#8221; column_border_radius=&#8221;none&#8221; column_link_target=&#8221;_self&#8221; column_position=&#8221;default&#8221; gradient_direction=&#8221;left_to_right&#8221; overlay_strength=&#8221;0.3&#8243; width=&#8221;1\/1&#8243; tablet_width_inherit=&#8221;default&#8221; animation_type=&#8221;default&#8221; bg_image_animation=&#8221;none&#8221; border_type=&#8221;simple&#8221; column_border_width=&#8221;none&#8221; column_border_style=&#8221;solid&#8221;][vc_column_text text_direction=&#8221;default&#8221;]\n<h1>POL\u00cdTICA DE COOKIES<\/h1>\n<p><strong><em>Qu\u00e8 s\u00f3n les cookies?<\/em><\/strong><\/p>\n<p>Una cookie \u00e9s un fitxer que es descarrega al seu ordinador en accedir a determinades p\u00e0gines web. Les cookies permeten a una p\u00e0gina web, entre altres coses, emmagatzemar i recuperar informaci\u00f3 sobre h\u00e0bits de navegaci\u00f3 d&#8217;un usuari o del seu equip i, depenent de la informaci\u00f3 que continguin i de la forma que utilitzi el seu equip, es poden utilitzar per recon\u00e8ixer a l&#8217;usuari.<\/p>\n<p><strong><em>Per a qu\u00e8 utilitza les cookies aquesta p\u00e0gina web i quines s\u00f3n?<\/em><\/strong><\/p>\n<p>Els tipus de cookies existents s\u00f3n diversos, i es poden utilitzar per a una s\u00e8rie de finalitats diferents. Les principals s\u00f3n:<\/p>\n<ul>\n<li>Cookies t\u00e8cniques \/ funcionals: S\u00f3n aquelles que permeten a l&#8217;usuari la navegaci\u00f3 a trav\u00e9s de la p\u00e0gina web o aplicaci\u00f3 i la utilitzaci\u00f3 de les diferents opcions o serveis que en ella existeixen. Per exemple, controlar el tr\u00e0nsit i la comunicaci\u00f3 de dades, identificar la sessi\u00f3, accedir a les parts web d&#8217;acc\u00e9s restringit, recordar els elements que integren una comanda, realitzar la sol\u00b7licitud d&#8217;inscripci\u00f3 o participaci\u00f3 en un esdeveniment, utilitzar elements de seguretat durant la navegaci\u00f3 i emmagatzemar continguts per a la difusi\u00f3 de v\u00eddeos o so.<\/li>\n<\/ul>\n<p>Tamb\u00e9 dins d&#8217;aquesta categoria, per la seva naturalesa t\u00e8cnica, aquelles cookies que permeten la gesti\u00f3, de la forma m\u00e9s efica\u00e7 possible, dels espais publicitaris que, com un element m\u00e9s de disseny o &#8220;maquetaci\u00f3&#8221; del servei ofert a l&#8217;usuari, l&#8217;editor hagi incl\u00f2s en una p\u00e0gina web, aplicaci\u00f3 o plataforma en base a criteris com el contingut editat, sense que es recopili informaci\u00f3 dels usuaris amb finalitats diferents, com pot ser personalitzar aquest contingut publicitari o altres continguts.<\/p>\n<ul>\n<li style=\"list-style-type: none;\">\n<ul>\n<li>Cookies de prefer\u00e8ncies o personalitzaci\u00f3: S\u00f3n aquelles que permeten a l&#8217;usuari accedir a el servei amb algunes caracter\u00edstiques de car\u00e0cter general predefinides en el seu terminal o que el propi usuari defineixi. Per exemple, l&#8217;idioma, el tipus de navegador a trav\u00e9s del qual accedeix a el servei, el disseny de continguts seleccionat, geolocalitzaci\u00f3 del terminal i la configuraci\u00f3 regional des d&#8217;on s&#8217;accedeix a el servei.<\/li>\n<\/ul>\n<\/li>\n<\/ul>\n<p>&nbsp;<\/p>\n<ul>\n<li>Cookies de publicitat comportamental: s\u00f3n aquelles que emmagatzemen informaci\u00f3 del comportament dels usuaris obtinguda a trav\u00e9s de l&#8217;observaci\u00f3 continuada dels seus h\u00e0bits de navegaci\u00f3, el que permet desenvolupar un perfil espec\u00edfic per mostrar publicitat en funci\u00f3 de la mateixa.<\/li>\n<li>En funci\u00f3 de la seva durabilitat poden ser:\n<ul>\n<li>Cookies de sessi\u00f3: La seva vig\u00e8ncia expira al tancar el navegador<\/li>\n<li>Cookies persistents: La seva vig\u00e8ncia pot ser variable, ja que les dades segueixen emmagatzemats en el terminal i poden ser accedits i tractats durant un per\u00edode definit pel responsable de la cookie. Aquestes desapareixen una vegada que han complert l&#8217;objectiu que va motivar la seva instal\u00b7laci\u00f3 o quan l&#8217;usuari procedeix al seu esborrat manual.<\/li>\n<\/ul>\n<\/li>\n<\/ul>\n<p>&nbsp;<\/p>\n<p>A m\u00e9s, aquestes cookies poden ser pr\u00f2pies o de tercers. Les cookies de tipus &#8220;pr\u00f2pies&#8221; s\u00f3n utilitzades nom\u00e9s pel propietari d&#8217;aquesta web. \u00c9s a dir, s&#8217;envien a l&#8217;equip terminal de l&#8217;usuari des d&#8217;un equip o domini gestionat pel propi editor i des del qual es presta el servei sol\u00b7licitat per l&#8217;usuari. Les cookies &#8220;De tercers&#8221;, en canvi, s\u00f3n aquelles que s&#8217;envien a l&#8217;equip terminal de l&#8217;usuari des d&#8217;un equip o domini que no \u00e9s gestionat per l&#8217;editor, sin\u00f3 per una altra entitat que tracta les dades obtingudes mitjan\u00e7ant les cookies. Un exemple d&#8217;aix\u00f2 s\u00f3n els serveis estad\u00edstics de Google Analytics i Comscore.<\/p>\n<p><strong>Detall de les cookies utilitzades en aquesta p\u00e0gina web<\/strong><\/p>\n<p>A la nostra p\u00e0gina web l&#8217;usuari podr\u00e0 trobar algunes de les cookies descrites anteriorment. Sense perjudici del seu dret a limitar i \/ o rebutjar aquestes cookies lliurement (totes o algunes d&#8217;elles), l&#8217;informem que el detall de les cookies utilitzades en aquesta p\u00e0gina web \u00e9s el seg\u00fcent:<\/p>\n<p>&nbsp;<\/p>\n<table width=\"580\">\n<tbody>\n<tr>\n<td width=\"113\"><strong>Nom<\/strong><\/td>\n<td width=\"103\"><strong>Tipus<\/strong><\/td>\n<td width=\"103\"><strong>Duraci\u00f3<\/strong><\/td>\n<td width=\"261\"><strong>Finalitat<\/strong><\/td>\n<\/tr>\n<tr>\n<td width=\"113\">cookieyes-consent<\/td>\n<td width=\"103\">T\u00e8cnica<\/td>\n<td width=\"103\">1 any<\/td>\n<td width=\"261\"><\/td>\n<\/tr>\n<tr>\n<td width=\"113\">wp-wpml_current_language<\/td>\n<td width=\"103\">Pr\u00f2pia<\/td>\n<td width=\"103\">Sessi\u00f3<\/td>\n<td width=\"261\">Prefer\u00e8ncia idioma<\/td>\n<\/tr>\n<\/tbody>\n<\/table>\n<p><em>\u00a0<\/em><\/p>\n<p>El responsable de les dades recopilades per les <u>cookies pr\u00f2pies<\/u> ser\u00e0 l&#8217;editor del web. Podeu consultar informaci\u00f3 sobre el mateix i sobre els tractaments de dades que realitza a la <u>Pol\u00edtica de Privacitat<\/u> d&#8217;aquesta mateixa web. Les dades recopilades per les nostres cookies es conservaran durant el temps indicat de la cookie i mentre l&#8217;interessat no sol\u00b7liciti la seva supressi\u00f3, sense perjudici del compliment de les obligacions legals al respecte. Vost\u00e8 t\u00e9 dret a dret a sol\u00b7licitar <strong>l&#8217;acc\u00e9s<\/strong> a les dades personals recopilades, a la seva <strong>rectificaci\u00f3<\/strong> o <strong>supressi\u00f3<\/strong>, a la <strong>limitaci\u00f3 <\/strong> del seu tractament, o a <strong>oposar-se<\/strong> a el tractament, aix\u00ed com el dret a la <strong>portabilitat<\/strong> de les dades. A m\u00e9s, tamb\u00e9 t\u00e9 el dret a <strong>retirar el consentiment en qualsevol moment<\/strong>, sense que aix\u00f2 afecti la licitud del tractament basat en el consentiment previ a la seva retirada. Aquestes dades no seran cedides a tercers ni es realitzaran transfer\u00e8ncies internacionals de les mateixes.<\/p>\n<p>En el cas d&#8217;acceptaci\u00f3 de <u>cookies de tercers<\/u>, les dades seran d&#8217;\u00fas de l&#8217;entitat que envia i gestiona aquestes galetes. Podeu consultar m\u00e9s informaci\u00f3 al respecte a les Pol\u00edtiques pr\u00f2pies d&#8217;aquests tercers, a les quals pot accedir fent clic en els enlla\u00e7os indicats en el quadre anterior. Recordeu que, si accepta les galetes de tercers, haur\u00e0 eliminar des de les opcions de el navegador o des del sistema ofert pel propi tercer. Pots informar-te de les cessions de dades i transfer\u00e8ncies a tercers pa\u00efsos que, si escau, realitzen els tercers identificats en aquesta pol\u00edtica de cookies en els seus corresponents pol\u00edtiques.<\/p>\n<p>En cas que senti vulnerats els seus drets pel que fa a la protecci\u00f3 de les seves dades personals, especialment quan no hagi obtingut satisfacci\u00f3 en l&#8217;exercici dels seus drets, pot presentar una reclamaci\u00f3 davant l&#8217;Autoritat de Control en mat\u00e8ria de protecci\u00f3 de dades competent a trav\u00e9s del seu lloc web: <a href=\"http:\/\/www.aepd.es\">www.aepd.es<\/a>.<\/p>\n<p><strong><em>Com puc desactivar o eliminar les cookies?<\/em><\/strong><\/p>\n<p>Vost\u00e8 pot permetre, bloquejar o eliminar les cookies instal\u00b7lades en el seu equip mitjan\u00e7ant la configuraci\u00f3 de les opcions del navegador en el vostre ordinador:<\/p>\n<p><em>Firefox<\/em><\/p>\n<p><a href=\"http:\/\/support.mozilla.org\/es\/kb\/habilitar-y-deshabilitar-cookies-que-los-sitios-we\">http:\/\/support.mozilla.org\/es\/kb\/ habilitar-y-dehabilitar-cookies-que-los-sitios-we<\/a><\/p>\n<p><em>Chrome<\/em><\/p>\n<p><a href=\"http:\/\/support.google.com\/chrome\/bin\/answer.py?hl=es&amp;answer=95647\">http:\/\/support.google.com\/chrome\/bin\/answer.py? hl=es&amp;answer=95647<\/a><\/p>\n<p><em>Explorer:<\/em><\/p>\n<p><a href=\"http:\/\/windows.microsoft.com\/es-es\/windows7\/how-to-manage-cookies-in-internet-exp%20lorer-9\">http:\/\/windows.microsoft.com\/ es-es\/windows7\/como-gestionar-las-cookies-en-internet-exp lorer-9<\/a><\/p>\n<p><em>Safari:<\/em><\/p>\n<p><a href=\"http:\/\/support.apple.com\/kb\/ph5042\">http:\/\/support.apple.com\/kb\/ph5042<\/a><\/p>\n<p><em>Opera:<\/em><\/p>\n<p><a href=\"http:\/\/help.opera.com\/Windows\/11.50\/es-ES\/cookies.html\">http:\/\/help.opera.com\/Windows\/11.50\/es-ES\/cookies.html&lt; \/a&gt;<\/a><\/p>\n<p><em>Altres navegadors:<\/em><\/p>\n<p>Consulteu la documentaci\u00f3 del navegador que tingui instal\u00b7lat.<\/p>\n<p><em>Complement d&#8217;inhabilitaci\u00f3 per a navegadors de Google Analytics<\/em><\/p>\n<p>Si voleu rebutjar les cookies anal\u00edtiques de Google Analytics en tots els navegadors, de manera que no s&#8217;envi\u00ef informaci\u00f3 seva a Google Analytics, pot descarregar un complement que realitza aquesta funci\u00f3 des d&#8217;aquest enlla\u00e7: <a href=\"https:\/\/ herramientas .google.com\/dlpage\/gaoptout\">https:\/\/tools.google.com\/dlpage\/gaoptout<\/a>.[\/vc_column_text][\/vc_column][\/vc_row]\n","protected":false},"excerpt":{"rendered":"<p>[vc_row type=&#8221;in_container&#8221; full_screen_row_position=&#8221;middle&#8221; column_margin=&#8221;default&#8221; column_direction=&#8221;default&#8221; column_direction_tablet=&#8221;default&#8221; column_direction_phone=&#8221;default&#8221; scene_position=&#8221;center&#8221; top_padding=&#8221;100&#8243; bottom_padding=&#8221;100&#8243; text_color=&#8221;dark&#8221; text_align=&#8221;left&#8221; row_border_radius=&#8221;none&#8221; row_border_radius_applies=&#8221;bg&#8221; overflow=&#8221;visible&#8221; overlay_strength=&#8221;0.3&#8243; gradient_direction=&#8221;left_to_right&#8221; shape_divider_position=&#8221;bottom&#8221; bg_image_animation=&#8221;none&#8221; gradient_type=&#8221;default&#8221; shape_type=&#8221;&#8221;][vc_column column_padding=&#8221;no-extra-padding&#8221; column_padding_tablet=&#8221;inherit&#8221; column_padding_phone=&#8221;inherit&#8221; column_padding_position=&#8221;all&#8221; column_element_direction_desktop=&#8221;default&#8221; column_element_spacing=&#8221;default&#8221; desktop_text_alignment=&#8221;default&#8221; tablet_text_alignment=&#8221;default&#8221; phone_text_alignment=&#8221;default&#8221;&#8230;<\/p>\n","protected":false},"author":2,"featured_media":0,"parent":0,"menu_order":0,"comment_status":"closed","ping_status":"closed","template":"","meta":{"footnotes":""},"class_list":["post-199","page","type-page","status-publish"],"_links":{"self":[{"href":"https:\/\/uve2003.com\/ca\/wp-json\/wp\/v2\/pages\/199"}],"collection":[{"href":"https:\/\/uve2003.com\/ca\/wp-json\/wp\/v2\/pages"}],"about":[{"href":"https:\/\/uve2003.com\/ca\/wp-json\/wp\/v2\/types\/page"}],"author":[{"embeddable":true,"href":"https:\/\/uve2003.com\/ca\/wp-json\/wp\/v2\/users\/2"}],"replies":[{"embeddable":true,"href":"https:\/\/uve2003.com\/ca\/wp-json\/wp\/v2\/comments?post=199"}],"version-history":[{"count":1,"href":"https:\/\/uve2003.com\/ca\/wp-json\/wp\/v2\/pages\/199\/revisions"}],"predecessor-version":[{"id":200,"href":"https:\/\/uve2003.com\/ca\/wp-json\/wp\/v2\/pages\/199\/revisions\/200"}],"wp:attachment":[{"href":"https:\/\/uve2003.com\/ca\/wp-json\/wp\/v2\/media?parent=199"}],"curies":[{"name":"wp","href":"https:\/\/api.w.org\/{rel}","templated":true}]}}