{"id":201,"date":"2024-02-08T18:22:11","date_gmt":"2024-02-08T17:22:11","guid":{"rendered":"https:\/\/www.uve2003.com\/politica-de-privacidad\/"},"modified":"2024-02-19T12:20:18","modified_gmt":"2024-02-19T11:20:18","slug":"politica-de-privadesa","status":"publish","type":"page","link":"https:\/\/uve2003.com\/ca\/politica-de-privadesa\/","title":{"rendered":"Pol\u00edtica de privadesa"},"content":{"rendered":"[vc_row type=&#8221;in_container&#8221; full_screen_row_position=&#8221;middle&#8221; column_margin=&#8221;default&#8221; column_direction=&#8221;default&#8221; column_direction_tablet=&#8221;default&#8221; column_direction_phone=&#8221;default&#8221; scene_position=&#8221;center&#8221; top_padding=&#8221;100&#8243; bottom_padding=&#8221;100&#8243; text_color=&#8221;dark&#8221; text_align=&#8221;left&#8221; row_border_radius=&#8221;none&#8221; row_border_radius_applies=&#8221;bg&#8221; overflow=&#8221;visible&#8221; overlay_strength=&#8221;0.3&#8243; gradient_direction=&#8221;left_to_right&#8221; shape_divider_position=&#8221;bottom&#8221; bg_image_animation=&#8221;none&#8221; gradient_type=&#8221;default&#8221; shape_type=&#8221;&#8221;][vc_column column_padding=&#8221;no-extra-padding&#8221; column_padding_tablet=&#8221;inherit&#8221; column_padding_phone=&#8221;inherit&#8221; column_padding_position=&#8221;all&#8221; column_element_direction_desktop=&#8221;default&#8221; column_element_spacing=&#8221;default&#8221; desktop_text_alignment=&#8221;default&#8221; tablet_text_alignment=&#8221;default&#8221; phone_text_alignment=&#8221;default&#8221; background_color_opacity=&#8221;1&#8243; background_hover_color_opacity=&#8221;1&#8243; column_backdrop_filter=&#8221;none&#8221; column_shadow=&#8221;none&#8221; column_border_radius=&#8221;none&#8221; column_link_target=&#8221;_self&#8221; column_position=&#8221;default&#8221; gradient_direction=&#8221;left_to_right&#8221; overlay_strength=&#8221;0.3&#8243; width=&#8221;1\/1&#8243; tablet_width_inherit=&#8221;default&#8221; animation_type=&#8221;default&#8221; bg_image_animation=&#8221;none&#8221; border_type=&#8221;simple&#8221; column_border_width=&#8221;none&#8221; column_border_style=&#8221;solid&#8221;][vc_column_text text_direction=&#8221;default&#8221;]\n<h1>Pol\u00edtica de privadesa<\/h1>\n<p><span style=\"font-weight: 400;\">A UVE 2003, SL i UVE 2003 TRADING S.L. ens preocupem per la privacitat i la transpar\u00e8ncia.<\/span><\/p>\n<p><b>Qui \u00e9s el responsable del tractament de les seves dades?<\/b><\/p>\n<p><span style=\"font-weight: 400;\">S\u00f3n corresponsables en el tractament de dades:<\/span><\/p>\n<p><span style=\"font-weight: 400;\">UVE 2003, SL \/ UVE 2003 TRADING S.L.<\/span><\/p>\n<p><span style=\"font-weight: 400;\">B62250808 \/ B64720576<\/span><\/p>\n<p><span style=\"font-weight: 400;\">C\/ MESTRAL, 3 P.I. CAN VOLART &#8211; 08150 &#8211; PARETS DEL VALLES \u2013 BARCELONA \/ CARRETERA DE ANDALUC\u00cdA, km. 13,500, POLG. IND. LOS \u00c1NGELES &#8211; 28901 \u2013 GETAFE \u2013 MADRID<\/span><span style=\"font-weight: 400;\">.\u00a0\u00a0\u00a0<\/span><\/p>\n<h1><\/h1>\n<p><span style=\"font-weight: 400;\">Si vol m\u00e9s informaci\u00f3 sobre la corresponsabilitat del tractament, pot sol\u00b7licitar l\u2019acord entre les empreses dirigint-se al correu electr\u00f2nic <\/span><a href=\"mailto:rrhh@uve2003.com\"><span style=\"font-weight: 400;\">rrhh@uve2003.com<\/span><\/a><span style=\"font-weight: 400;\">,<\/span> <span style=\"font-weight: 400;\">amb l\u2019assumpte \u201cPROTECCI\u00d3 DE DADES I CORRESPONSABILITAT DEL TRACTAMENT\u201d.<\/span><\/p>\n<p><span style=\"font-weight: 400;\">A continuaci\u00f3, li indiquem detalladament els tractaments de dades personals que realitzem, aix\u00ed com tota la informaci\u00f3 relativa a aquests.<\/span><\/p>\n<h1><\/h1>\n<p><b>Amb quina finalitat tractem les seves dades personals?<\/b><\/p>\n<ul>\n<li style=\"list-style-type: none;\">\n<ul>\n<li style=\"font-weight: 400;\" aria-level=\"1\"><b>Tractament de dades de clients: <\/b><span style=\"font-weight: 400;\">Prestar el servei contractat,<\/span> <span style=\"font-weight: 400;\">realitzar la gesti\u00f3 administrativa, comptable i fiscal dels serveis i gestionar el cobrament d&#8217;aquest, aix\u00ed com enviar comunicacions promocionals sobre els nostres productes i serveis. En el cas que no faciliti les seves dades personals, no podrem complir amb les finalitats descrites.<\/span><\/li>\n<\/ul>\n<\/li>\n<\/ul>\n<ul>\n<li aria-level=\"1\"><b>Tractament de dades de potencials clients i contactes: <\/b><span style=\"font-weight: 400;\">Realitzar la gesti\u00f3 de potencials clients que s&#8217;han interessat sobre els nostres serveis i atendre la sol\u00b7licitud, aix\u00ed com altres contactes comercials, i, en el seu cas, enviar comunicacions comercials. En el cas que no faciliti les seves dades personals, no podrem complir amb les finalitats descrites.<\/span><\/li>\n<\/ul>\n<p><span style=\"font-weight: 400;\">Tanmateix, qui facilita les dades a trav\u00e9s dels formularis d&#8217;aquesta web declara ser major de 14 anys, quedant prohibit l&#8217;acc\u00e9s i \u00fas del portal a menors d&#8217;aquesta edat. Si en algun moment, el Responsable detecta que un menor de 14 anys ha proporcionat dades de car\u00e0cter personal, procedirem a la supressi\u00f3 d&#8217;aquests.<\/span><\/p>\n<ul>\n<li style=\"font-weight: 400;\" aria-level=\"1\"><b>Tractament de dades de candidats a un lloc de treball: <\/b><span style=\"font-weight: 400;\">Gestionar els Curriculum vitae rebuts i realitzar els processos de selecci\u00f3 de personal, entrevistes i altres tr\u00e0mits necessaris per a la cerca del millor candidat possible a un lloc de treball determinat. En el cas que no faciliti les seves dades personals, no podrem complir amb les finalitats descrites.<\/span><\/li>\n<li style=\"font-weight: 400;\" aria-level=\"1\"><b>Tractament de dades de videovigil\u00e0ncia:<\/b><span style=\"font-weight: 400;\"> Garantir la seguretat de persones, b\u00e9ns i instal\u00b7lacions.<\/span><\/li>\n<\/ul>\n<p><span style=\"font-weight: 400;\">En cap dels tractaments no es prendran decisions automatitzades sobre la base de les dades proporcionades.<\/span><\/p>\n<p><b>Quant temps conservarem les seves dades?<\/b><\/p>\n<ul>\n<li aria-level=\"1\"><b>Tractament de dades de clients: <\/b><span style=\"font-weight: 400;\">Les dades es conservaran mentre l&#8217;interessat no sol\u00b7liciti la seva supressi\u00f3 i, com a termini m\u00e0xim, durant els anys necessaris per a complir amb les obligacions legals.<\/span><\/li>\n<\/ul>\n<ul>\n<li style=\"font-weight: 400;\" aria-level=\"1\"><b>Tractament de dades de potencials clients i contactes: <\/b><span style=\"font-weight: 400;\">Les dades es conservaran mentre l&#8217;interessat no sol\u00b7liciti la seva supressi\u00f3, sempre que siguin necessaris per a les finalitats descrites. Se suprimiran una vegada deixin de ser necessaris per a la finalitat descrita.<\/span><\/li>\n<li style=\"font-weight: 400;\" aria-level=\"1\"><b>Tractament de dades de candidats a un lloc de treball: <\/b><span style=\"font-weight: 400;\">Dos anys des de l&#8217;\u00faltima interacci\u00f3.<\/span><\/li>\n<li style=\"font-weight: 400;\" aria-level=\"1\"><b>Tractament de dades de videovigil\u00e0ncia: <\/b><span style=\"font-weight: 400;\">Les dades es conservaran un m\u00e0xim de 30 dies, tret de comunicaci\u00f3 a Forces i Cossos de Seguretat, i\/o Jutjats i Tribunals.<\/span><\/li>\n<\/ul>\n<p><b>Quina \u00e9s la legitimaci\u00f3 per al tractament de les seves dades?<\/b><\/p>\n<p><span style=\"font-weight: 400;\">Li indiquem la base legal per al tractament de les seves dades:<\/span><\/p>\n<ul>\n<li aria-level=\"1\"><b>Tractament de dades de clients:<\/b><\/li>\n<\/ul>\n<ul>\n<li style=\"list-style-type: none;\">\n<ul>\n<li style=\"list-style-type: none;\">\n<ul>\n<li style=\"font-weight: 400;\" aria-level=\"2\"><span style=\"font-weight: 400;\">Execuci\u00f3 d&#8217;un contracte: Prestar el servei contractat, realitzar la gesti\u00f3 administrativa, comptable i fiscal dels serveis i gestionar el cobrament d&#8217;aquest. (RGPD art. 6.1.b).<\/span><\/li>\n<li style=\"font-weight: 400;\" aria-level=\"2\"><span style=\"font-weight: 400;\">Inter\u00e8s leg\u00edtim del Responsable: Enviament de comunicacions promocionals fins i tot per via electr\u00f2nica. (RGPD Considerant 47, LSSICE art. 21.2).<\/span><\/li>\n<\/ul>\n<\/li>\n<\/ul>\n<\/li>\n<\/ul>\n<ul>\n<li aria-level=\"1\"><b>Tractament de dades de potencials clients i contactes:<\/b><\/li>\n<\/ul>\n<ul>\n<li style=\"list-style-type: none;\">\n<ul>\n<li style=\"font-weight: 400;\" aria-level=\"2\"><span style=\"font-weight: 400;\">Execuci\u00f3 d&#8217;un contracte: Gesti\u00f3 de potencials clients que s&#8217;han interessat sobre els nostres productes i\/o serveis. (RGPD, art. 6.1.b).<\/span><\/li>\n<li style=\"font-weight: 400;\" aria-level=\"2\"><span style=\"font-weight: 400;\">Inter\u00e8s leg\u00edtim del Responsable: Gesti\u00f3 de les dades de contacte professionals (LOPDGDD art.19, RGPD art. 6.1.f).<\/span><\/li>\n<li style=\"font-weight: 400;\" aria-level=\"2\"><span style=\"font-weight: 400;\">Consentiment de l&#8217;interessat: Enviar comunicacions promocionals, inclusivament per via electr\u00f2nica. (RGPD, art. 6.1.a, LSSICE art.21).<\/span><\/li>\n<\/ul>\n<\/li>\n<\/ul>\n<p><b>Tractament de les dades dels candidats a lloc de treball:<\/b><\/p>\n<ul>\n<li style=\"font-weight: 400;\" aria-level=\"2\"><span style=\"font-weight: 400;\">Execuci\u00f3 d&#8217;un contracte: Gesti\u00f3 dels Curriculum vitae lliurats pel candidat per a realitzar els processos de selecci\u00f3 de personal per a la cerca del millor candidat possible a un lloc de treball determinat<\/span><\/li>\n<\/ul>\n<p><b>Tractament de dades de videovigil\u00e0ncia:<\/b><\/p>\n<ul>\n<li style=\"font-weight: 400;\" aria-level=\"2\"><span style=\"font-weight: 400;\">Missi\u00f3 en Inter\u00e8s p\u00fablic: Tractament necessari per al compliment d&#8217;una missi\u00f3 realitzada en inter\u00e8s p\u00fablic o en l&#8217;exercici de poders p\u00fablics conferits al responsable del tractament (RGPD art. 6.1.e), segons consta a la &#8220;Guia sobre l&#8217;\u00fas de c\u00e0meres de v\u00eddeo per a seguretat i altres finalitats\u201d, publicada per l&#8217;Ag\u00e8ncia Espanyola de Protecci\u00f3 de Dades.<\/span><\/li>\n<\/ul>\n<p><b>A quins destinataris es comunicaran les seves dades?<\/b><\/p>\n<ul>\n<li aria-level=\"1\"><b>Tractament de dades dels clients:<\/b><\/li>\n<\/ul>\n<ul>\n<li style=\"list-style-type: none;\">\n<ul>\n<li style=\"font-weight: 400;\" aria-level=\"2\"><span style=\"font-weight: 400;\">Administraci\u00f3 p\u00fablica amb compet\u00e8ncia en la mat\u00e8ria, amb la finalitat de complir amb les obligacions legals (requisit legal).<\/span><\/li>\n<li style=\"font-weight: 400;\" aria-level=\"2\"><span style=\"font-weight: 400;\">Administraci\u00f3 Tribut\u00e0ria, amb la finalitat de complir les obligacions legals (requisit legal)<\/span><\/li>\n<li style=\"font-weight: 400;\" aria-level=\"2\"><span style=\"font-weight: 400;\">Entitats financeres, amb la finalitat de realitzar els cobraments o girar els rebuts corresponents (requisit contractual)\u00a0<\/span><\/li>\n<li style=\"font-weight: 400;\" aria-level=\"2\"><span style=\"font-weight: 400;\">Empreses del grup, amb la finalitat de col\u00b7laborar en la gesti\u00f3 i prestaci\u00f3 del servei (requisit contractual).<\/span><\/li>\n<\/ul>\n<\/li>\n<\/ul>\n<ul>\n<li style=\"list-style-type: none;\">\n<ul>\n<li style=\"font-weight: 400;\" aria-level=\"1\"><b>Tractament de dades de potencials clients i contactes:<\/b><span style=\"font-weight: 400;\"> No se cediran dades a tercers, excepte obligaci\u00f3 legal.<\/span><\/li>\n<li style=\"font-weight: 400;\" aria-level=\"1\"><b>Tractament de dades de candidats a un lloc de treball: <\/b><span style=\"font-weight: 400;\">No se cediran dades a tercers, excepte obligaci\u00f3 legal.<\/span><\/li>\n<\/ul>\n<\/li>\n<\/ul>\n<ul>\n<li aria-level=\"1\"><b>Tractament de dades de videovigil\u00e0ncia: <\/b><span style=\"font-weight: 400;\">Si escau, les forces i cossos de seguretat de l&#8217;Estat, aix\u00ed com jutjats i tribunals, amb la finalitat d&#8217;aportar les imatges si s&#8217;ha com\u00e8s un delicte (requisit legal).<\/span><\/li>\n<\/ul>\n<p><b>Transfer\u00e8ncies de dades a tercers pa\u00efsos<\/b><\/p>\n<p><span style=\"font-weight: 400;\">No estan previstes transfer\u00e8ncies de dades a tercers pa\u00efsos en cap dels tractaments.<\/span><\/p>\n<p><b>Quins s\u00f3n els seus drets quan ens facilita les seves dades?\u00a0<\/b><\/p>\n<p><span style=\"font-weight: 400;\">Qualsevol persona t\u00e9 dret a obtenir confirmaci\u00f3 sobre si en UVE 2003, SL \/ UVE 2003 TRADING S.L. estem tractant, o no, dades personals que els concerneixin.\u00a0\u00a0<\/span><\/p>\n<p><span style=\"font-weight: 400;\">Les persones interessades tenen dret a accedir a les seves dades personals, aix\u00ed com a sol\u00b7licitar la rectificaci\u00f3 de les dades inexactes o, en el seu cas, sol\u00b7licitar la seva supressi\u00f3 quan, entre altres motius, les dades ja no siguin necessaris per als fins que van ser recollits. Igualment t\u00e9 dret a la portabilitat de les seves dades.\u00a0<\/span><\/p>\n<p><span style=\"font-weight: 400;\">En determinades circumst\u00e0ncies, els interessats podran sol\u00b7licitar la limitaci\u00f3 del tractament de les seves dades, i en aquest cas \u00fanicament els conservarem per a l&#8217;exercici o la defensa de reclamacions.\u00a0<\/span><\/p>\n<p><span style=\"font-weight: 400;\">En determinades circumst\u00e0ncies i per motius relacionats amb la seva situaci\u00f3 particular, els interessats podran oposar-se al tractament de les seves dades. En aquest cas, UVE 2003, SL \/ UVE 2003 TRADING S.L. deixar\u00e0 de tractar les dades, excepte per motius leg\u00edtims imperiosos, o l&#8217;exercici o la defensa de possibles reclamacions.<\/span><\/p>\n<p><span style=\"font-weight: 400;\">Podr\u00e0 exercitar materialment els seus drets dirigint-se a C\/ MESTRAL, 3 P.I. CAN VOLART &#8211; 08150 &#8211; PARETS DEL VALLES \u2013 BARCELONA. Tamb\u00e9 dirigint-se a <\/span><a href=\"mailto:rrhh@uve2003.com\"><span style=\"font-weight: 400;\">rrhh@uve2003.com<\/span><\/a><span style=\"font-weight: 400;\">.\u00a0 En tots dos casos, haur\u00e0 d&#8217;aportar informaci\u00f3 suficient que permeti identificar-li de manera fefaent, com per exemple el DNI o les dades que va aportar en el moment en qu\u00e8 es va relacionar amb el Responsable, i indicar el dret que desitja exercir. Quan es realitzi l&#8217;enviament de comunicacions comercials utilitzant com a base jur\u00eddica l&#8217;inter\u00e8s leg\u00edtim del responsable, l&#8217;interessat podr\u00e0 oposar-se al tractament de les seves dades amb aquesta fi.\u00a0<\/span><\/p>\n<p><span style=\"font-weight: 400;\">Si ha atorgat el seu consentiment per a alguna finalitat concreta, t\u00e9 dret a retirar el consentiment atorgat en qualsevol moment, sense que aix\u00f2 afecti la licitud del tractament basat en el consentiment previ a la seva retirada.\u00a0<\/span><\/p>\n<p><span style=\"font-weight: 400;\">\u00a0En cas que senti vulnerats els seus drets pel que concerneix la protecci\u00f3 de les seves dades personals, especialment quan no hagi obtingut satisfacci\u00f3 en l&#8217;exercici dels seus drets, pot presentar una reclamaci\u00f3 davant l&#8217;Autoritat de Control en mat\u00e8ria de Protecci\u00f3 de Dades competent a trav\u00e9s del seu lloc web: <\/span><a href=\"http:\/\/www.aepd.es\"><span style=\"font-weight: 400;\">www.aepd.es<\/span><\/a><span style=\"font-weight: 400;\">.\u00a0<\/span><\/p>\n<p><b>Com hem obtingut les seves dades?<\/b><\/p>\n<p><span style=\"font-weight: 400;\">Les dades personals que tractem a UVE 2003, SL \/ UVE 2003 TRADING S.L. procedeixen del propi interessat.\u00a0<\/span><\/p>\n<p><span style=\"font-weight: 400;\">\u00a0Les categories de dades que es tracten s\u00f3n:\u00a0<\/span><\/p>\n<p><span style=\"font-weight: 400;\">Les categories de dades que es tracten s\u00f3n:\u00a0<\/span><\/p>\n<ul>\n<li aria-level=\"1\"><b>Tractament de dades de clients:<\/b><\/li>\n<\/ul>\n<ul>\n<li style=\"list-style-type: none;\">\n<ul>\n<li style=\"list-style-type: none;\">\n<ul>\n<li style=\"font-weight: 400;\" aria-level=\"2\"><span style=\"font-weight: 400;\">Dades identificatives<\/span><\/li>\n<li style=\"font-weight: 400;\" aria-level=\"2\"><span style=\"font-weight: 400;\">Adreces postals i electr\u00f2niques\u00a0<\/span><\/li>\n<li style=\"font-weight: 400;\" aria-level=\"2\"><span style=\"font-weight: 400;\">Informaci\u00f3 comercial<\/span><\/li>\n<\/ul>\n<\/li>\n<\/ul>\n<\/li>\n<\/ul>\n<ul>\n<li aria-level=\"1\"><b>Tractament de dades de potencials clients i contactes<\/b><\/li>\n<\/ul>\n<ul>\n<li style=\"list-style-type: none;\">\n<ul>\n<li style=\"list-style-type: none;\">\n<ul>\n<li style=\"font-weight: 400;\" aria-level=\"2\"><span style=\"font-weight: 400;\">Dades identificatives<\/span><\/li>\n<li style=\"font-weight: 400;\" aria-level=\"2\"><span style=\"font-weight: 400;\">Adreces postals i electr\u00f2niques<\/span><\/li>\n<\/ul>\n<\/li>\n<\/ul>\n<\/li>\n<\/ul>\n<ul>\n<li aria-level=\"1\"><b>Tractament de dades de candidats a un lloc de treball:<\/b><\/li>\n<\/ul>\n<ul>\n<li style=\"list-style-type: none;\">\n<ul>\n<li style=\"font-weight: 400;\" aria-level=\"2\"><span style=\"font-weight: 400;\">Dades identificatives<\/span><\/li>\n<li style=\"font-weight: 400;\" aria-level=\"2\"><span style=\"font-weight: 400;\">Adreces postals i electr\u00f2niques\u00a0<\/span><\/li>\n<li style=\"font-weight: 400;\" aria-level=\"2\"><span style=\"font-weight: 400;\">Informaci\u00f3 comercial<\/span><\/li>\n<\/ul>\n<\/li>\n<li style=\"font-weight: 400;\" aria-level=\"1\"><b>Tractament de dades de videovigil\u00e0ncia:<\/b>\n<ul>\n<li style=\"font-weight: 400;\" aria-level=\"2\"><span style=\"font-weight: 400;\">Imatge<\/span><\/li>\n<\/ul>\n<\/li>\n<\/ul>\n<h1><\/h1>\n[\/vc_column_text][\/vc_column][\/vc_row][vc_row type=&#8221;in_container&#8221; full_screen_row_position=&#8221;middle&#8221; column_margin=&#8221;default&#8221; column_direction=&#8221;default&#8221; column_direction_tablet=&#8221;default&#8221; column_direction_phone=&#8221;default&#8221; scene_position=&#8221;center&#8221; text_color=&#8221;dark&#8221; text_align=&#8221;left&#8221; row_border_radius=&#8221;none&#8221; row_border_radius_applies=&#8221;bg&#8221; overflow=&#8221;visible&#8221; overlay_strength=&#8221;0.3&#8243; gradient_direction=&#8221;left_to_right&#8221; shape_divider_position=&#8221;bottom&#8221; bg_image_animation=&#8221;none&#8221;][vc_column column_padding=&#8221;no-extra-padding&#8221; column_padding_tablet=&#8221;inherit&#8221; column_padding_phone=&#8221;inherit&#8221; column_padding_position=&#8221;all&#8221; column_element_direction_desktop=&#8221;default&#8221; column_element_spacing=&#8221;default&#8221; desktop_text_alignment=&#8221;default&#8221; tablet_text_alignment=&#8221;default&#8221; phone_text_alignment=&#8221;default&#8221; background_color_opacity=&#8221;1&#8243; background_hover_color_opacity=&#8221;1&#8243; column_backdrop_filter=&#8221;none&#8221; column_shadow=&#8221;none&#8221; column_border_radius=&#8221;none&#8221; column_link_target=&#8221;_self&#8221; column_position=&#8221;default&#8221; gradient_direction=&#8221;left_to_right&#8221; overlay_strength=&#8221;0.3&#8243; width=&#8221;1\/1&#8243; tablet_width_inherit=&#8221;default&#8221; animation_type=&#8221;default&#8221; bg_image_animation=&#8221;none&#8221; border_type=&#8221;simple&#8221; column_border_width=&#8221;none&#8221; column_border_style=&#8221;solid&#8221;][vc_column_text]\n[\/vc_column_text][\/vc_column][\/vc_row]\n","protected":false},"excerpt":{"rendered":"<p>[vc_row type=&#8221;in_container&#8221; full_screen_row_position=&#8221;middle&#8221; column_margin=&#8221;default&#8221; column_direction=&#8221;default&#8221; column_direction_tablet=&#8221;default&#8221; column_direction_phone=&#8221;default&#8221; scene_position=&#8221;center&#8221; top_padding=&#8221;100&#8243; bottom_padding=&#8221;100&#8243; text_color=&#8221;dark&#8221; text_align=&#8221;left&#8221; row_border_radius=&#8221;none&#8221; row_border_radius_applies=&#8221;bg&#8221; overflow=&#8221;visible&#8221; overlay_strength=&#8221;0.3&#8243; gradient_direction=&#8221;left_to_right&#8221; shape_divider_position=&#8221;bottom&#8221; bg_image_animation=&#8221;none&#8221; gradient_type=&#8221;default&#8221; shape_type=&#8221;&#8221;][vc_column column_padding=&#8221;no-extra-padding&#8221; column_padding_tablet=&#8221;inherit&#8221; column_padding_phone=&#8221;inherit&#8221; column_padding_position=&#8221;all&#8221; column_element_direction_desktop=&#8221;default&#8221; column_element_spacing=&#8221;default&#8221; desktop_text_alignment=&#8221;default&#8221; tablet_text_alignment=&#8221;default&#8221; phone_text_alignment=&#8221;default&#8221;&#8230;<\/p>\n","protected":false},"author":2,"featured_media":0,"parent":0,"menu_order":0,"comment_status":"closed","ping_status":"closed","template":"","meta":{"footnotes":""},"class_list":["post-201","page","type-page","status-publish"],"_links":{"self":[{"href":"https:\/\/uve2003.com\/ca\/wp-json\/wp\/v2\/pages\/201"}],"collection":[{"href":"https:\/\/uve2003.com\/ca\/wp-json\/wp\/v2\/pages"}],"about":[{"href":"https:\/\/uve2003.com\/ca\/wp-json\/wp\/v2\/types\/page"}],"author":[{"embeddable":true,"href":"https:\/\/uve2003.com\/ca\/wp-json\/wp\/v2\/users\/2"}],"replies":[{"embeddable":true,"href":"https:\/\/uve2003.com\/ca\/wp-json\/wp\/v2\/comments?post=201"}],"version-history":[{"count":4,"href":"https:\/\/uve2003.com\/ca\/wp-json\/wp\/v2\/pages\/201\/revisions"}],"predecessor-version":[{"id":244,"href":"https:\/\/uve2003.com\/ca\/wp-json\/wp\/v2\/pages\/201\/revisions\/244"}],"wp:attachment":[{"href":"https:\/\/uve2003.com\/ca\/wp-json\/wp\/v2\/media?parent=201"}],"curies":[{"name":"wp","href":"https:\/\/api.w.org\/{rel}","templated":true}]}}